{"id":11,"date":"2025-12-24T17:46:42","date_gmt":"2025-12-24T16:46:42","guid":{"rendered":"https:\/\/fundacjapodskrzydlamianiolow.pl\/?page_id=11"},"modified":"2025-12-25T14:06:57","modified_gmt":"2025-12-25T13:06:57","slug":"w-czym-pomagamy","status":"publish","type":"page","link":"https:\/\/fundacjapodskrzydlamianiolow.pl\/?page_id=11","title":{"rendered":"W czym pomagamy"},"content":{"rendered":"\n<p style=\"padding-top:2rem;padding-bottom:2rem\">Pomagamy z empati\u0105. Bez ocen. Z uwa\u017cno\u015bci\u0105.<\/p>\n\n\n\n<ul class=\"wp-block-list\">\n<li>Dzieci i m\u0142odzie\u017c<\/li>\n\n\n\n<li>Rodzice i opiekunowie<\/li>\n\n\n\n<li>Rodzina jako ca\u0142o\u015b\u0107<\/li>\n<\/ul>\n\n\n\n<p class=\"has-medium-font-size\" style=\"padding-top:2rem;padding-bottom:2rem\">Jeste\u015bmy obok w chwilach, gdy jest trudno \u2013 bez ocen, bez presji, z uwa\u017cno\u015bci\u0105 i mi\u0142o\u015bci\u0105.<\/p>\n","protected":false},"excerpt":{"rendered":"<p>Pomagamy z empati\u0105. Bez ocen. Z uwa\u017cno\u015bci\u0105. Jeste\u015bmy obok w chwilach, gdy jest trudno \u2013 bez ocen, bez presji, z uwa\u017cno\u015bci\u0105 i mi\u0142o\u015bci\u0105.<\/p>\n","protected":false},"author":1,"featured_media":0,"parent":0,"menu_order":0,"comment_status":"closed","ping_status":"closed","template":"","meta":{"footnotes":""},"class_list":["post-11","page","type-page","status-publish","hentry"],"jetpack_sharing_enabled":true,"_links":{"self":[{"href":"https:\/\/fundacjapodskrzydlamianiolow.pl\/index.php?rest_route=\/wp\/v2\/pages\/11","targetHints":{"allow":["GET"]}}],"collection":[{"href":"https:\/\/fundacjapodskrzydlamianiolow.pl\/index.php?rest_route=\/wp\/v2\/pages"}],"about":[{"href":"https:\/\/fundacjapodskrzydlamianiolow.pl\/index.php?rest_route=\/wp\/v2\/types\/page"}],"author":[{"embeddable":true,"href":"https:\/\/fundacjapodskrzydlamianiolow.pl\/index.php?rest_route=\/wp\/v2\/users\/1"}],"replies":[{"embeddable":true,"href":"https:\/\/fundacjapodskrzydlamianiolow.pl\/index.php?rest_route=%2Fwp%2Fv2%2Fcomments&post=11"}],"version-history":[{"count":3,"href":"https:\/\/fundacjapodskrzydlamianiolow.pl\/index.php?rest_route=\/wp\/v2\/pages\/11\/revisions"}],"predecessor-version":[{"id":38,"href":"https:\/\/fundacjapodskrzydlamianiolow.pl\/index.php?rest_route=\/wp\/v2\/pages\/11\/revisions\/38"}],"wp:attachment":[{"href":"https:\/\/fundacjapodskrzydlamianiolow.pl\/index.php?rest_route=%2Fwp%2Fv2%2Fmedia&parent=11"}],"curies":[{"name":"wp","href":"https:\/\/api.w.org\/{rel}","templated":true}]}}