{"id":82,"date":"2026-03-27T17:01:21","date_gmt":"2026-03-27T16:01:21","guid":{"rendered":"https:\/\/fundacjapodskrzydlamianiolow.pl\/?page_id=82"},"modified":"2026-04-13T23:47:28","modified_gmt":"2026-04-13T21:47:28","slug":"regulamin-darowizn","status":"publish","type":"page","link":"https:\/\/fundacjapodskrzydlamianiolow.pl\/?page_id=82","title":{"rendered":"Regulamin darowizn"},"content":{"rendered":"\n<p>REGULAMIN DAROWIZN<\/p>\n\n\n\n<p><br> Fundacja Pod Skrzyd\u0142ami Anio\u0142\u00f3w<br>\u00a71 Postanowienia og\u00f3lne<\/p>\n\n\n\n<ol class=\"wp-block-list\">\n<li>Niniejszy regulamin okre\u015bla zasady przekazywania darowizn na rzecz Fundacji Pod<br>Skrzyd\u0142ami Anio\u0142\u00f3w, z siedzib\u0105 we W\u0142oc\u0142awku.<\/li>\n\n\n\n<li>Fundacja dzia\u0142a na podstawie obowi\u0105zuj\u0105cych przepis\u00f3w prawa oraz statutu.<\/li>\n\n\n\n<li>Regulamin dost\u0119pny jest na stronie internetowej Fundacji.<br>\u00a72Darowizny<\/li>\n\n\n\n<li>Darowizny mog\u0105 by\u0107 przekazywane dobrowolnie przez osoby fizyczne oraz prawne.<\/li>\n\n\n\n<li>Darowizny s\u0105 przeznaczane na realizacj\u0119 cel\u00f3w statutowych Fundacji, w szczeg\u00f3lno\u015bci na<br>wsparcie dzieci i m\u0142odzie\u017cy w zakresie rozwoju emocjonalnego, dzia\u0142a\u0144 edukacyjnych oraz<br>program\u00f3w wsparcia.<\/li>\n\n\n\n<li>Darowizny mog\u0105 by\u0107 przekazywane w formie przelewu bankowego na rachunek<br>Fundacji:<br>Numer rachunku: PL56116022020000000706639752<br>\u00a73Tytu\u0142 wp\u0142aty<\/li>\n\n\n\n<li>Darczy\u0144ca proszony jest o wpisanie w tytule przelewu: \u201eDarowizna na cele statutowe\u201d.<br>\u00a74 Zwroty darowizn<\/li>\n\n\n\n<li>Darowizny co do zasady nie podlegaj\u0105 zwrotowi.<\/li>\n\n\n\n<li>W uzasadnionych przypadkach darczy\u0144ca mo\u017ce skontaktowa\u0107 si\u0119 z Fundacj\u0105 w celu<br>wyja\u015bnienia sytuacji.<br>\u00a75 Dane osobowe<\/li>\n\n\n\n<li>Administratorem danych osobowych darczy\u0144c\u00f3w jest Fundacja Pod Skrzyd\u0142ami Anio\u0142\u00f3w.<\/li>\n\n\n\n<li>Dane osobowe przetwarzane s\u0105 wy\u0142\u0105cznie w celu obs\u0142ugi darowizn oraz zgodnie z<br>obowi\u0105zuj\u0105cymi przepisami prawa (RODO).<br>\u00a76 Postanowienia ko\u0144cowe<\/li>\n\n\n\n<li>Fundacja zastrzega sobie prawo do wprowadzania zmian w regulaminie.<\/li>\n\n\n\n<li>Aktualna wersja regulaminu publikowana jest na stronie internetowej Fundacji.<\/li>\n<\/ol>\n","protected":false},"excerpt":{"rendered":"<p>REGULAMIN DAROWIZN Fundacja Pod Skrzyd\u0142ami Anio\u0142\u00f3w\u00a71 Postanowienia og\u00f3lne<\/p>\n","protected":false},"author":1,"featured_media":0,"parent":0,"menu_order":0,"comment_status":"closed","ping_status":"closed","template":"","meta":{"footnotes":""},"class_list":["post-82","page","type-page","status-publish","hentry"],"jetpack_sharing_enabled":true,"_links":{"self":[{"href":"https:\/\/fundacjapodskrzydlamianiolow.pl\/index.php?rest_route=\/wp\/v2\/pages\/82","targetHints":{"allow":["GET"]}}],"collection":[{"href":"https:\/\/fundacjapodskrzydlamianiolow.pl\/index.php?rest_route=\/wp\/v2\/pages"}],"about":[{"href":"https:\/\/fundacjapodskrzydlamianiolow.pl\/index.php?rest_route=\/wp\/v2\/types\/page"}],"author":[{"embeddable":true,"href":"https:\/\/fundacjapodskrzydlamianiolow.pl\/index.php?rest_route=\/wp\/v2\/users\/1"}],"replies":[{"embeddable":true,"href":"https:\/\/fundacjapodskrzydlamianiolow.pl\/index.php?rest_route=%2Fwp%2Fv2%2Fcomments&post=82"}],"version-history":[{"count":4,"href":"https:\/\/fundacjapodskrzydlamianiolow.pl\/index.php?rest_route=\/wp\/v2\/pages\/82\/revisions"}],"predecessor-version":[{"id":126,"href":"https:\/\/fundacjapodskrzydlamianiolow.pl\/index.php?rest_route=\/wp\/v2\/pages\/82\/revisions\/126"}],"wp:attachment":[{"href":"https:\/\/fundacjapodskrzydlamianiolow.pl\/index.php?rest_route=%2Fwp%2Fv2%2Fmedia&parent=82"}],"curies":[{"name":"wp","href":"https:\/\/api.w.org\/{rel}","templated":true}]}}