{"id":84,"date":"2026-03-27T17:11:41","date_gmt":"2026-03-27T16:11:41","guid":{"rendered":"https:\/\/fundacjapodskrzydlamianiolow.pl\/?page_id=84"},"modified":"2026-04-14T00:07:34","modified_gmt":"2026-04-13T22:07:34","slug":"formy-platnosci","status":"publish","type":"page","link":"https:\/\/fundacjapodskrzydlamianiolow.pl\/?page_id=84","title":{"rendered":"Formy p\u0142atno\u015bci"},"content":{"rendered":"\n<p>Formy p\u0142atno\u015bci<\/p>\n\n\n\n<p><br>Darowizny na rzecz Fundacji Pod Skrzyd\u0142ami Anio\u0142\u00f3w mo\u017cna przekazywa\u0107 w nast\u0119puj\u0105cy spos\u00f3b:<br>1. Przelew bankowy<\/p>\n\n\n\n<p><br>PL56 1160 2202 0000 0007 0663 9752<br>Tytu\u0142: Darowizna na cele statutowe<\/p>\n\n\n\n<p><br>2. P\u0142atno\u015bci online<br>Wp\u0142aty mo\u017cna dokona\u0107 za pomoc\u0105 szybkich p\u0142atno\u015bci internetowych.<br>Dost\u0119pne metody:<br>&#8211; BLIK<br>&#8211; szybkie przelewy<br>&#8211; karty p\u0142atnicze<\/p>\n\n\n\n<p>3. Informacje dodatkowe<\/p>\n\n\n\n<p>Wszystkie wp\u0142aty s\u0105 dobrowolne i przeznaczane na realizacj\u0119 cel\u00f3w statutowych Fundacji.<\/p>\n\n\n\n<p>P\u0142atno\u015bci online realizowane s\u0105 za po\u015brednictwem bezpiecznego systemu.<\/p>\n\n\n\n\n\n<p><\/p>\n","protected":false},"excerpt":{"rendered":"<p>Formy p\u0142atno\u015bci Darowizny na rzecz Fundacji Pod Skrzyd\u0142ami Anio\u0142\u00f3w mo\u017cna przekazywa\u0107 w nast\u0119puj\u0105cy spos\u00f3b:1. Przelew bankowy PL56 1160 2202 0000 0007 0663 9752Tytu\u0142: Darowizna na cele statutowe 2. P\u0142atno\u015bci onlineWp\u0142aty mo\u017cna dokona\u0107 za pomoc\u0105 szybkich p\u0142atno\u015bci internetowych.Dost\u0119pne metody:&#8211; BLIK&#8211; szybkie przelewy&#8211; karty p\u0142atnicze 3. Informacje dodatkowe Wszystkie wp\u0142aty s\u0105 dobrowolne i przeznaczane na realizacj\u0119 cel\u00f3w [&hellip;]<\/p>\n","protected":false},"author":1,"featured_media":0,"parent":0,"menu_order":0,"comment_status":"closed","ping_status":"closed","template":"","meta":{"footnotes":""},"class_list":["post-84","page","type-page","status-publish","hentry"],"jetpack_sharing_enabled":true,"_links":{"self":[{"href":"https:\/\/fundacjapodskrzydlamianiolow.pl\/index.php?rest_route=\/wp\/v2\/pages\/84","targetHints":{"allow":["GET"]}}],"collection":[{"href":"https:\/\/fundacjapodskrzydlamianiolow.pl\/index.php?rest_route=\/wp\/v2\/pages"}],"about":[{"href":"https:\/\/fundacjapodskrzydlamianiolow.pl\/index.php?rest_route=\/wp\/v2\/types\/page"}],"author":[{"embeddable":true,"href":"https:\/\/fundacjapodskrzydlamianiolow.pl\/index.php?rest_route=\/wp\/v2\/users\/1"}],"replies":[{"embeddable":true,"href":"https:\/\/fundacjapodskrzydlamianiolow.pl\/index.php?rest_route=%2Fwp%2Fv2%2Fcomments&post=84"}],"version-history":[{"count":6,"href":"https:\/\/fundacjapodskrzydlamianiolow.pl\/index.php?rest_route=\/wp\/v2\/pages\/84\/revisions"}],"predecessor-version":[{"id":129,"href":"https:\/\/fundacjapodskrzydlamianiolow.pl\/index.php?rest_route=\/wp\/v2\/pages\/84\/revisions\/129"}],"wp:attachment":[{"href":"https:\/\/fundacjapodskrzydlamianiolow.pl\/index.php?rest_route=%2Fwp%2Fv2%2Fmedia&parent=84"}],"curies":[{"name":"wp","href":"https:\/\/api.w.org\/{rel}","templated":true}]}}