{"id":9,"date":"2025-12-24T17:45:45","date_gmt":"2025-12-24T16:45:45","guid":{"rendered":"https:\/\/fundacjapodskrzydlamianiolow.pl\/?page_id=9"},"modified":"2025-12-25T17:31:20","modified_gmt":"2025-12-25T16:31:20","slug":"o-fundacji","status":"publish","type":"page","link":"https:\/\/fundacjapodskrzydlamianiolow.pl\/?page_id=9","title":{"rendered":"O fundacji"},"content":{"rendered":"\n<p class=\"has-medium-font-size\" style=\"padding-top:2rem;padding-bottom:2rem\">Fundacja Pod Skrzyd\u0142ami Anio\u0142\u00f3w powsta\u0142a z potrzeby tworzenia przestrzeni, w kt\u00f3rej cz\u0142owiek mo\u017ce by\u0107 sob\u0105 \u2013 bez l\u0119ku, bez ocen i bez po\u015bpiechu.<\/p>\n\n\n\n<p>Dzia\u0142amy tam, gdzie wa\u017cna jest uwa\u017cno\u015b\u0107, bezpiecze\u0144stwo emocjonalne i relacja oparta na szacunku. Wierzymy, \u017ce prawdziwe wsparcie zaczyna si\u0119 od wys\u0142uchania \u2013 i od obecno\u015bci, kt\u00f3ra nie narzuca rozwi\u0105za\u0144, lecz towarzyszy.<\/p>\n\n\n\n<h3 class=\"wp-block-heading has-medium-font-size\" style=\"padding-top:2rem;padding-bottom:2rem\">Jak dzia\u0142amy<\/h3>\n\n\n\n<p class=\"has-medium-font-size\">Towarzyszymy dzieciom, m\u0142odzie\u017cy i rodzinom w procesie wzmacniania poczucia w\u0142asnej warto\u015bci, budowania bezpiecze\u0144stwa emocjonalnego oraz lepszego rozumienia siebie i innych.<\/p>\n\n\n\n<p>Nasze dzia\u0142ania opieraj\u0105 si\u0119 na relacji, uwa\u017cnym s\u0142uchaniu i tworzeniu przestrzeni, w kt\u00f3rej ka\u017cdy ma prawo do swoich emocji.<\/p>\n\n\n\n<h3 class=\"wp-block-heading has-medium-font-size\" style=\"padding-top:2rem;padding-bottom:2rem\">Dlaczego to robimy<\/h3>\n\n\n\n<p>Bo czasem wystarczy jedno miejsce, jedna rozmowa i jeden cz\u0142owiek, by kto\u015b odzyska\u0142 wiar\u0119 w siebie.<\/p>\n\n\n\n<p>Bo nikt nie powinien przechodzi\u0107 przez swoje emocje w samotno\u015bci \u2013 czasem najwi\u0119ksz\u0105 pomoc\u0105 jest po prostu bycie obok.<\/p>\n","protected":false},"excerpt":{"rendered":"<p>Fundacja Pod Skrzyd\u0142ami Anio\u0142\u00f3w powsta\u0142a z potrzeby tworzenia przestrzeni, w kt\u00f3rej cz\u0142owiek mo\u017ce by\u0107 sob\u0105 \u2013 bez l\u0119ku, bez ocen i bez po\u015bpiechu. Dzia\u0142amy tam, gdzie wa\u017cna jest uwa\u017cno\u015b\u0107, bezpiecze\u0144stwo emocjonalne i relacja oparta na szacunku. Wierzymy, \u017ce prawdziwe wsparcie zaczyna si\u0119 od wys\u0142uchania \u2013 i od obecno\u015bci, kt\u00f3ra nie narzuca rozwi\u0105za\u0144, lecz towarzyszy. Jak [&hellip;]<\/p>\n","protected":false},"author":1,"featured_media":0,"parent":0,"menu_order":0,"comment_status":"closed","ping_status":"closed","template":"","meta":{"footnotes":""},"class_list":["post-9","page","type-page","status-publish","hentry"],"jetpack_sharing_enabled":true,"_links":{"self":[{"href":"https:\/\/fundacjapodskrzydlamianiolow.pl\/index.php?rest_route=\/wp\/v2\/pages\/9","targetHints":{"allow":["GET"]}}],"collection":[{"href":"https:\/\/fundacjapodskrzydlamianiolow.pl\/index.php?rest_route=\/wp\/v2\/pages"}],"about":[{"href":"https:\/\/fundacjapodskrzydlamianiolow.pl\/index.php?rest_route=\/wp\/v2\/types\/page"}],"author":[{"embeddable":true,"href":"https:\/\/fundacjapodskrzydlamianiolow.pl\/index.php?rest_route=\/wp\/v2\/users\/1"}],"replies":[{"embeddable":true,"href":"https:\/\/fundacjapodskrzydlamianiolow.pl\/index.php?rest_route=%2Fwp%2Fv2%2Fcomments&post=9"}],"version-history":[{"count":7,"href":"https:\/\/fundacjapodskrzydlamianiolow.pl\/index.php?rest_route=\/wp\/v2\/pages\/9\/revisions"}],"predecessor-version":[{"id":65,"href":"https:\/\/fundacjapodskrzydlamianiolow.pl\/index.php?rest_route=\/wp\/v2\/pages\/9\/revisions\/65"}],"wp:attachment":[{"href":"https:\/\/fundacjapodskrzydlamianiolow.pl\/index.php?rest_route=%2Fwp%2Fv2%2Fmedia&parent=9"}],"curies":[{"name":"wp","href":"https:\/\/api.w.org\/{rel}","templated":true}]}}